{"id":2129,"date":"2022-06-08T13:09:11","date_gmt":"2022-06-08T11:09:11","guid":{"rendered":"https:\/\/econtinence.app\/tietoja-meista\/"},"modified":"2024-06-05T00:00:55","modified_gmt":"2024-06-04T22:00:55","slug":"tietoja-meista","status":"publish","type":"page","link":"https:\/\/econtinence.app\/fi\/tietoja-meista\/","title":{"rendered":"Tietoja meist\u00e4"},"content":{"rendered":"\n<h2 class=\"wp-block-heading\">eContinence: T\u00e4t\u00ae-sovelluksen takana oleva yritys<\/h2>\n\n<p><strong>Virtsankarkailu rajoittaa miljoonien ihmisten el\u00e4m\u00e4\u00e4 ymp\u00e4ri maailmaa. Pyrkimyksemme on saattaa yksinkertainen ja tehokas hoito kaikkien saataville, asuinpaikasta riippumatta.<\/strong><\/p>\n\n<p>Joukko T\u00e4t.nu-tutkimushankkeessa Ruotsissa, Uumajan yliopistossa, yhdess\u00e4 ty\u00f6skennelleit\u00e4 l\u00e4\u00e4k\u00e4reit\u00e4 ja tutkijoita perustaa eContinence AB &#8211; l\u00e4\u00e4keteknologiayrityksen vuonna 2021. Tutkimushankkeen tarkoituksena on ollut kehitt\u00e4\u00e4, arvioida ja toteuttaa s\u00e4hk\u00f6ist\u00e4 terveydenhuoltoa virtsanpid\u00e4tyskyvytt\u00f6myyden hoidossa. T\u00e4t-sovellus oli maailman ensimm\u00e4inen kliinisiss\u00e4 tutkimuksissa tieteellisesti arvioitu inkontinenssihoitosovellus, joka on her\u00e4tt\u00e4nyt paljon huomiota kansainv\u00e4listen inkontinenssitutkijoiden keskuudessa. T\u00e4t\u00ae-sovellusta koskeva tutkimus on nyt valmis, ja me eContinencessa huolehdimme ty\u00f6ll\u00e4mme siit\u00e4, ett\u00e4 sovellus on edelleen saatavilla ja sit\u00e4 kehitet\u00e4\u00e4n. <a href=\"https:\/\/econtinence.app\/fi\/ota-yhteytta\/\" data-type=\"page\" data-id=\"26\">Ota meihin yhteytt\u00e4<\/a>. Joukko T\u00e4t.nu-tutkimushankkeessa Ruotsissa, Uumajan yliopistossa, yhdess\u00e4 ty\u00f6skennelleit\u00e4 l\u00e4\u00e4k\u00e4reit\u00e4 ja tutkijoita perustaa eContinence AB &#8211; l\u00e4\u00e4keteknologiayrityksen vuonna 2021<\/p>\n\n<div style=\"height:19px\" aria-hidden=\"true\" class=\"wp-block-spacer\"><\/div>\n\t\t<div data-elementor-type=\"section\" data-elementor-id=\"2067\" class=\"elementor elementor-2067 elementor-1198\" data-elementor-post-type=\"elementor_library\">\n\t\t\t\t\t<section class=\"elementor-section elementor-inner-section elementor-element elementor-element-257fa5a3 elementor-section-boxed elementor-section-height-default elementor-section-height-default\" data-id=\"257fa5a3\" data-element_type=\"section\" data-e-type=\"section\">\n\t\t\t\t\t\t<div class=\"elementor-container elementor-column-gap-default\">\n\t\t\t\t\t<div class=\"elementor-column elementor-col-20 elementor-inner-column elementor-element elementor-element-668799f7\" data-id=\"668799f7\" data-element_type=\"column\" data-e-type=\"column\">\n\t\t\t<div class=\"elementor-widget-wrap elementor-element-populated\">\n\t\t\t\t\t\t<div class=\"elementor-element elementor-element-471462b0 elementor-position-top elementor-widget elementor-widget-image-box\" data-id=\"471462b0\" data-element_type=\"widget\" data-e-type=\"widget\" data-widget_type=\"image-box.default\">\n\t\t\t\t<div class=\"elementor-widget-container\">\n\t\t\t\t\t<div class=\"elementor-image-box-wrapper\"><figure class=\"elementor-image-box-img\"><img fetchpriority=\"high\" decoding=\"async\" width=\"346\" height=\"346\" src=\"https:\/\/econtinence.app\/wp-content\/uploads\/2022\/10\/eva_c.png\" class=\"attachment-full size-full wp-image-1623\" alt=\"\" srcset=\"https:\/\/econtinence.app\/wp-content\/uploads\/2022\/10\/eva_c.png 346w, https:\/\/econtinence.app\/wp-content\/uploads\/2022\/10\/eva_c-300x300.png 300w, https:\/\/econtinence.app\/wp-content\/uploads\/2022\/10\/eva_c-150x150.png 150w\" sizes=\"(max-width: 346px) 100vw, 346px\" \/><\/figure><div class=\"elementor-image-box-content\"><h3 class=\"elementor-image-box-title\">Eva Samuelsson<\/h3><p class=\"elementor-image-box-description\">EContinence AB:n toimitusjohtaja<br>\nYleisl\u00e4\u00e4ketieteen professori ja erikoisl\u00e4\u00e4k\u00e4ri<\/p><\/div><\/div>\t\t\t\t<\/div>\n\t\t\t\t<\/div>\n\t\t\t\t\t<\/div>\n\t\t<\/div>\n\t\t\t\t<div class=\"elementor-column elementor-col-20 elementor-inner-column elementor-element elementor-element-375ea23e\" data-id=\"375ea23e\" data-element_type=\"column\" data-e-type=\"column\">\n\t\t\t<div class=\"elementor-widget-wrap elementor-element-populated\">\n\t\t\t\t\t\t<div class=\"elementor-element elementor-element-2b811e0 elementor-position-top elementor-widget elementor-widget-image-box\" data-id=\"2b811e0\" data-element_type=\"widget\" data-e-type=\"widget\" data-widget_type=\"image-box.default\">\n\t\t\t\t<div class=\"elementor-widget-container\">\n\t\t\t\t\t<div class=\"elementor-image-box-wrapper\"><figure class=\"elementor-image-box-img\"><img decoding=\"async\" width=\"346\" height=\"346\" src=\"https:\/\/econtinence.app\/wp-content\/uploads\/2022\/10\/emma_c.png\" class=\"attachment-full size-full wp-image-1620\" alt=\"\" srcset=\"https:\/\/econtinence.app\/wp-content\/uploads\/2022\/10\/emma_c.png 346w, https:\/\/econtinence.app\/wp-content\/uploads\/2022\/10\/emma_c-300x300.png 300w, https:\/\/econtinence.app\/wp-content\/uploads\/2022\/10\/emma_c-150x150.png 150w\" sizes=\"(max-width: 346px) 100vw, 346px\" \/><\/figure><div class=\"elementor-image-box-content\"><h3 class=\"elementor-image-box-title\">Emma Nystr\u00f6m<\/h3><p class=\"elementor-image-box-description\">Filosofian tohtori ja ST-l\u00e4\u00e4ketieteen tohtori<\/p><\/div><\/div>\t\t\t\t<\/div>\n\t\t\t\t<\/div>\n\t\t\t\t\t<\/div>\n\t\t<\/div>\n\t\t\t\t<div class=\"elementor-column elementor-col-20 elementor-inner-column elementor-element elementor-element-768df976\" data-id=\"768df976\" data-element_type=\"column\" data-e-type=\"column\">\n\t\t\t<div class=\"elementor-widget-wrap elementor-element-populated\">\n\t\t\t\t\t\t<div class=\"elementor-element elementor-element-307c854b elementor-position-top elementor-widget elementor-widget-image-box\" data-id=\"307c854b\" data-element_type=\"widget\" data-e-type=\"widget\" data-widget_type=\"image-box.default\">\n\t\t\t\t<div class=\"elementor-widget-container\">\n\t\t\t\t\t<div class=\"elementor-image-box-wrapper\"><figure class=\"elementor-image-box-img\"><img decoding=\"async\" width=\"347\" height=\"346\" src=\"https:\/\/econtinence.app\/wp-content\/uploads\/2022\/10\/ina_c.png\" class=\"attachment-full size-full wp-image-1629\" alt=\"\" srcset=\"https:\/\/econtinence.app\/wp-content\/uploads\/2022\/10\/ina_c.png 347w, https:\/\/econtinence.app\/wp-content\/uploads\/2022\/10\/ina_c-300x300.png 300w, https:\/\/econtinence.app\/wp-content\/uploads\/2022\/10\/ina_c-150x150.png 150w\" sizes=\"(max-width: 347px) 100vw, 347px\" \/><\/figure><div class=\"elementor-image-box-content\"><h3 class=\"elementor-image-box-title\">Ina Asklund<\/h3><p class=\"elementor-image-box-description\">Yleisl\u00e4\u00e4ketieteen tohtori ja erikoisl\u00e4\u00e4k\u00e4ri<\/p><\/div><\/div>\t\t\t\t<\/div>\n\t\t\t\t<\/div>\n\t\t\t\t\t<\/div>\n\t\t<\/div>\n\t\t\t\t<div class=\"elementor-column elementor-col-20 elementor-inner-column elementor-element elementor-element-7f7f7b6f\" data-id=\"7f7f7b6f\" data-element_type=\"column\" data-e-type=\"column\">\n\t\t\t<div class=\"elementor-widget-wrap elementor-element-populated\">\n\t\t\t\t\t\t<div class=\"elementor-element elementor-element-1be7857e elementor-position-top elementor-widget elementor-widget-image-box\" data-id=\"1be7857e\" data-element_type=\"widget\" data-e-type=\"widget\" data-widget_type=\"image-box.default\">\n\t\t\t\t<div class=\"elementor-widget-container\">\n\t\t\t\t\t<div class=\"elementor-image-box-wrapper\"><figure class=\"elementor-image-box-img\"><img loading=\"lazy\" decoding=\"async\" width=\"346\" height=\"346\" src=\"https:\/\/econtinence.app\/wp-content\/uploads\/2022\/10\/malin_c.png\" class=\"attachment-full size-full wp-image-1632\" alt=\"\" srcset=\"https:\/\/econtinence.app\/wp-content\/uploads\/2022\/10\/malin_c.png 346w, https:\/\/econtinence.app\/wp-content\/uploads\/2022\/10\/malin_c-300x300.png 300w, https:\/\/econtinence.app\/wp-content\/uploads\/2022\/10\/malin_c-150x150.png 150w\" sizes=\"(max-width: 346px) 100vw, 346px\" \/><\/figure><div class=\"elementor-image-box-content\"><h3 class=\"elementor-image-box-title\">Malin Sj\u00f6str\u00f6m<\/h3><p class=\"elementor-image-box-description\">Apulaisprofessori ja yleisl\u00e4\u00e4ketieteen erikoisl\u00e4\u00e4k\u00e4ri<\/p><\/div><\/div>\t\t\t\t<\/div>\n\t\t\t\t<\/div>\n\t\t\t\t\t<\/div>\n\t\t<\/div>\n\t\t\t\t<div class=\"elementor-column elementor-col-20 elementor-inner-column elementor-element elementor-element-2806e68a\" data-id=\"2806e68a\" data-element_type=\"column\" data-e-type=\"column\">\n\t\t\t<div class=\"elementor-widget-wrap elementor-element-populated\">\n\t\t\t\t\t\t<div class=\"elementor-element elementor-element-56639508 elementor-position-top elementor-widget elementor-widget-image-box\" data-id=\"56639508\" data-element_type=\"widget\" data-e-type=\"widget\" data-widget_type=\"image-box.default\">\n\t\t\t\t<div class=\"elementor-widget-container\">\n\t\t\t\t\t<div class=\"elementor-image-box-wrapper\"><figure class=\"elementor-image-box-img\"><img loading=\"lazy\" decoding=\"async\" width=\"346\" height=\"346\" src=\"https:\/\/econtinence.app\/wp-content\/uploads\/2022\/10\/fredrik_c.png\" class=\"attachment-full size-full wp-image-1626\" alt=\"\" srcset=\"https:\/\/econtinence.app\/wp-content\/uploads\/2022\/10\/fredrik_c.png 346w, https:\/\/econtinence.app\/wp-content\/uploads\/2022\/10\/fredrik_c-300x300.png 300w, https:\/\/econtinence.app\/wp-content\/uploads\/2022\/10\/fredrik_c-150x150.png 150w\" sizes=\"(max-width: 346px) 100vw, 346px\" \/><\/figure><div class=\"elementor-image-box-content\"><h3 class=\"elementor-image-box-title\">Fredrik Jonsson<\/h3><p class=\"elementor-image-box-description\">Myynti- ja liiketoiminnan kehitysp\u00e4\u00e4llikk\u00f6\/laadunvarmistus<\/p><\/div><\/div>\t\t\t\t<\/div>\n\t\t\t\t<\/div>\n\t\t\t\t\t<\/div>\n\t\t<\/div>\n\t\t\t\t\t<\/div>\n\t\t<\/section>\n\t\t\t\t<\/div>\n\t\t\n\n<div class=\"wp-block-columns is-layout-flex wp-container-core-columns-is-layout-28f84493 wp-block-columns-is-layout-flex\">\n<div class=\"wp-block-column is-layout-flow wp-block-column-is-layout-flow\">\n<h2 class=\"wp-block-heading\"><strong>T\u00e4rke\u00e4t virstanpylv\u00e4\u00e4t<\/strong><\/h2>\n\n\n\n<p>2024<\/p>\n\n\n\n<ul class=\"wp-block-list\">\n<li>Julkaisemme aivan uuden T\u00e4t\u00ae-version uudella teknisell\u00e4 alustalla. Ulkoasu tulee olemaan uusi, navigointi helpompaa ja ominaisuuksia enemm\u00e4n.<\/li>\n\n\n\n<li>Aloitamme eturauhassy\u00f6p\u00e4yhdistyksen kanssa miesten T\u00e4t-sovellusta koskevan yhteisty\u00f6n.<\/li>\n<\/ul>\n\n\n\n<p><em>2023<\/em><\/p>\n\n\n\n<ul class=\"wp-block-list\">\n<li>T\u00e4t\u00ae julkaistaan uutena versiona, jossa on uusi aloitussivu ja uusia ominaisuuksia. Monet k\u00e4ytt\u00e4v\u00e4t sovellusta raskauden aikana ja synnytyksen j\u00e4lkeen, ja tutkimus tukee t\u00e4t\u00e4.<\/li>\n<\/ul>\n\n\n\n<p><em>2022<\/em><\/p>\n\n\n\n<ul class=\"wp-block-list\">\n<li>Tiimi saa palkinnon vuoden &#8221;innovaatiomestareina&#8221; (Innovation Champions) Golden Galassa, J\u00e4mtland H\u00e4rjedalenin maakunnassa<\/li>\n\n\n\n<li>T\u00e4t \u00ae paranee entisest\u00e4\u00e4n uudella sis\u00e4ll\u00f6ll\u00e4 ja ominaisuuksilla.\u00a0Se julkaistaan ilmaisena versiona ja premium-versiona. Ovellus on tarkoitettu rasitukseen liittyv\u00e4n virtsankarkailun hoitoon.<\/li>\n\n\n\n<li>Vinnovan my\u00f6nt\u00e4m\u00e4 tuki (MedTech4Health, pienyritysten osaamisen parantaminen)<\/li>\n\n\n\n<li>Alueellinen innovaatiotuki JH:n maakunnalta<\/li>\n\n\n\n<li>Uumajan yliopiston\/Nordean innovaatiopalkinto tutkimuksen hy\u00f6dynt\u00e4misest\u00e4 Eva Samuelssonille<\/li>\n<\/ul>\n\n\n\n<p><em>2021<\/em><\/p>\n\n\n\n<ul class=\"wp-block-list\">\n<li>Ume\u00e5 University Holding sijoittaa eContinence AB:hen<\/li>\n\n\n\n<li>Sigrid Strandin naiskeksij\u00e4-palkinto Eva Samuelssonille <\/li>\n\n\n\n<li>Yritys on hyv\u00e4ksytty Uumajan Uminova-innovaatiohautomoon<\/li>\n\n\n\n<li>eContinence AB, \u00d6stersund, rekister\u00f6id\u00e4\u00e4n hein\u00e4kuussa 2021<\/li>\n\n\n\n<li>T\u00e4t\u00ae on CE-merkitty l\u00e4\u00e4kinn\u00e4lliseksi laitteeksi luokkaan I MDR 2017\/745 mukaisesti<\/li>\n\n\n\n<li>SKR (Ruotsin kunnat ja alueet) tarkistaaT\u00e4t\u00ae-sovelluksen ja suosittelee sit\u00e4<\/li>\n<\/ul>\n\n\n\n<p><em>2018\u20132021<\/em><\/p>\n\n\n\n<ul class=\"wp-block-list\">\n<li>Innovaationeuvojien ja yritysvalmentajien jatkuvasti tukema hanke osallistuu Uumajan yliopiston innovaatiotoimistonsa kautta tutkijoille tarjoamaan todentamisohjelmaan.<\/li>\n<\/ul>\n\n\n\n<p><em>2020<\/em><\/p>\n\n\n\n<ul class=\"wp-block-list\">\n<li>Nikola (virtsarakon ja suolen toimintah\u00e4iri\u00f6verkosto) suosittelee T\u00e4t-sovellusta<\/li>\n\n\n\n<li>Terveyskeskukset, \u00e4itiysneuvolat ja klinikat ymp\u00e4ri Ruotsia suosittelevat T\u00e4t-sovellusta\u00a0\u00a0<\/li>\n<\/ul>\n\n\n\n<p><em>2008\u20132022<\/em><\/p>\n\n\n\n<ul class=\"wp-block-list\">\n<li>Tutkimushankkeesta julkaistaan kolme v\u00e4it\u00f6skirjaa ja 21 tieteellist\u00e4 artikkelia, jotka saavat rahoituksensa kansallisista, alueellisista ja paikallisista tutkimusapurahoista, ks. www.t\u00e4t.nu. Hankkeen puitteissa on kehitetty ja arvioitu internet-ohjelma ja kolme sovellusta.\u00a0<\/li>\n<\/ul>\n\n\n\n<p><em>2015<\/em><\/p>\n\n\n\n<ul class=\"wp-block-list\">\n<li>T\u00e4t-tavaramerkki rekister\u00f6id\u00e4\u00e4n<\/li>\n<\/ul>\n\n\n\n<p><em>2008<\/em><\/p>\n\n\n\n<ul class=\"wp-block-list\">\n<li>Eva Samuelsson ja G\u00f6ran Umefjord k\u00e4ynnist\u00e4v\u00e4t Uumajan yliopistossa T\u00e4t.nu-tutkimushankkeen. Tarkoituksena on kehitt\u00e4\u00e4, arvioida ja toteuttaa s\u00e4hk\u00f6ist\u00e4 terveydenhuoltoa virtsanpid\u00e4tyskyvytt\u00f6myyden hoitoon.<\/li>\n<\/ul>\n<\/div>\n<\/div>\n\n<p class=\"has-text-align-center\"><strong>Rahoittaja:<\/strong><\/p>\n\n<figure class=\"wp-block-image aligncenter size-large\"><img loading=\"lazy\" decoding=\"async\" width=\"1024\" height=\"114\" src=\"https:\/\/econtinence.app\/wp-content\/uploads\/2022\/06\/logobar_b-1024x114.png\" alt=\"\" class=\"wp-image-895\" srcset=\"https:\/\/econtinence.app\/wp-content\/uploads\/2022\/06\/logobar_b-1024x114.png 1024w, https:\/\/econtinence.app\/wp-content\/uploads\/2022\/06\/logobar_b-300x33.png 300w, https:\/\/econtinence.app\/wp-content\/uploads\/2022\/06\/logobar_b-768x86.png 768w, https:\/\/econtinence.app\/wp-content\/uploads\/2022\/06\/logobar_b-1536x171.png 1536w, https:\/\/econtinence.app\/wp-content\/uploads\/2022\/06\/logobar_b.png 1616w\" sizes=\"(max-width: 1024px) 100vw, 1024px\" \/><\/figure>\n","protected":false},"excerpt":{"rendered":"<p>eContinence: T\u00e4t\u00ae-sovelluksen takana oleva yritys Virtsankarkailu rajoittaa miljoonien ihmisten el\u00e4m\u00e4\u00e4 ymp\u00e4ri maailmaa. Pyrkimyksemme on saattaa yksinkertainen ja tehokas hoito kaikkien saataville, asuinpaikasta riippumatta. Joukko T\u00e4t.nu-tutkimushankkeessa Ruotsissa, Uumajan yliopistossa, yhdess\u00e4 ty\u00f6skennelleit\u00e4 l\u00e4\u00e4k\u00e4reit\u00e4 ja tutkijoita perustaa eContinence AB &#8211; l\u00e4\u00e4keteknologiayrityksen vuonna 2021. Tutkimushankkeen tarkoituksena on ollut kehitt\u00e4\u00e4, arvioida ja toteuttaa s\u00e4hk\u00f6ist\u00e4 terveydenhuoltoa virtsanpid\u00e4tyskyvytt\u00f6myyden hoidossa. T\u00e4t-sovellus oli maailman [&hellip;]<\/p>\n","protected":false},"author":1,"featured_media":0,"parent":0,"menu_order":0,"comment_status":"closed","ping_status":"closed","template":"","meta":{"_seopress_robots_primary_cat":"","_seopress_titles_title":"","_seopress_titles_desc":"","_seopress_robots_index":"","footnotes":""},"class_list":["post-2129","page","type-page","status-publish","hentry"],"_links":{"self":[{"href":"https:\/\/econtinence.app\/fi\/wp-json\/wp\/v2\/pages\/2129","targetHints":{"allow":["GET"]}}],"collection":[{"href":"https:\/\/econtinence.app\/fi\/wp-json\/wp\/v2\/pages"}],"about":[{"href":"https:\/\/econtinence.app\/fi\/wp-json\/wp\/v2\/types\/page"}],"author":[{"embeddable":true,"href":"https:\/\/econtinence.app\/fi\/wp-json\/wp\/v2\/users\/1"}],"replies":[{"embeddable":true,"href":"https:\/\/econtinence.app\/fi\/wp-json\/wp\/v2\/comments?post=2129"}],"version-history":[{"count":3,"href":"https:\/\/econtinence.app\/fi\/wp-json\/wp\/v2\/pages\/2129\/revisions"}],"predecessor-version":[{"id":2157,"href":"https:\/\/econtinence.app\/fi\/wp-json\/wp\/v2\/pages\/2129\/revisions\/2157"}],"wp:attachment":[{"href":"https:\/\/econtinence.app\/fi\/wp-json\/wp\/v2\/media?parent=2129"}],"curies":[{"name":"wp","href":"https:\/\/api.w.org\/{rel}","templated":true}]}}