{"id":2124,"date":"2023-09-18T09:47:23","date_gmt":"2023-09-18T07:47:23","guid":{"rendered":"https:\/\/econtinence.app\/tat\/tulostettavat-julisteet\/"},"modified":"2024-06-05T00:01:06","modified_gmt":"2024-06-04T22:01:06","slug":"tulostettavat-julisteet","status":"publish","type":"page","link":"https:\/\/econtinence.app\/fi\/tat\/tulostettavat-julisteet\/","title":{"rendered":"Tulostettavat julisteet"},"content":{"rendered":"\t\t<div data-elementor-type=\"wp-page\" data-elementor-id=\"2124\" class=\"elementor elementor-2124 elementor-1403\" data-elementor-post-type=\"page\">\n\t\t\t\t\t\t<section class=\"elementor-section elementor-top-section elementor-element elementor-element-7d0b49c elementor-section-boxed elementor-section-height-default elementor-section-height-default\" data-id=\"7d0b49c\" data-element_type=\"section\" data-e-type=\"section\">\n\t\t\t\t\t\t<div class=\"elementor-container elementor-column-gap-wider\">\n\t\t\t\t\t<div class=\"elementor-column elementor-col-100 elementor-top-column elementor-element elementor-element-90d4910\" data-id=\"90d4910\" data-element_type=\"column\" data-e-type=\"column\">\n\t\t\t<div class=\"elementor-widget-wrap elementor-element-populated\">\n\t\t\t\t\t\t<div class=\"elementor-element elementor-element-fc48ee5 elementor-widget elementor-widget-heading\" data-id=\"fc48ee5\" data-element_type=\"widget\" data-e-type=\"widget\" data-widget_type=\"heading.default\">\n\t\t\t\t<div class=\"elementor-widget-container\">\n\t\t\t\t\t<h1 class=\"elementor-heading-title elementor-size-default\">L\u00e4\u00e4k\u00e4rit ja k\u00e4til\u00f6t suosittelevat T\u00e4t\u00ae-sovellusta<\/h1>\t\t\t\t<\/div>\n\t\t\t\t<\/div>\n\t\t\t\t<div class=\"elementor-element elementor-element-b1038ce elementor-widget elementor-widget-text-editor\" data-id=\"b1038ce\" data-element_type=\"widget\" data-e-type=\"widget\" data-widget_type=\"text-editor.default\">\n\t\t\t\t<div class=\"elementor-widget-container\">\n\t\t\t\t\t\t\t\t\t<p>T\u00e4t\u00ae on turvallinen valinta, jos haluat suositella kuntosovellusta henkil\u00f6lle, jolla on liikuntainkontinenssi. Sovellus on ruotsalaisen tutkimuksen tulos ja CE-merkitty l\u00e4\u00e4kinn\u00e4lliseksi laitteeksi. CE-merkint\u00e4 tarkoittaa, ett\u00e4 sovelluksella on osoitettu olevan kliinist\u00e4 hy\u00f6ty\u00e4 ja ett\u00e4 se t\u00e4ytt\u00e4\u00e4 kaikki s\u00e4\u00e4nn\u00f6st\u00f6n asettamat turvallisuus- ja suorituskykyvaatimukset.&nbsp;<\/p>\n\t\t\t\t\t\t\t\t<\/div>\n\t\t\t\t<\/div>\n\t\t\t\t\t<\/div>\n\t\t<\/div>\n\t\t\t\t\t<\/div>\n\t\t<\/section>\n\t\t\t\t<section class=\"elementor-section elementor-top-section elementor-element elementor-element-56ff0a6 elementor-section-boxed elementor-section-height-default elementor-section-height-default\" data-id=\"56ff0a6\" data-element_type=\"section\" data-e-type=\"section\">\n\t\t\t\t\t\t<div class=\"elementor-container elementor-column-gap-default\">\n\t\t\t\t\t<div class=\"elementor-column elementor-col-100 elementor-top-column elementor-element elementor-element-f3b02a6\" data-id=\"f3b02a6\" data-element_type=\"column\" data-e-type=\"column\">\n\t\t\t<div class=\"elementor-widget-wrap elementor-element-populated\">\n\t\t\t\t\t\t<section class=\"elementor-section elementor-inner-section elementor-element elementor-element-5d5690c elementor-section-boxed elementor-section-height-default elementor-section-height-default\" data-id=\"5d5690c\" data-element_type=\"section\" data-e-type=\"section\" data-settings=\"{&quot;background_background&quot;:&quot;classic&quot;}\">\n\t\t\t\t\t\t<div class=\"elementor-container elementor-column-gap-default\">\n\t\t\t\t\t<div class=\"elementor-column elementor-col-50 elementor-inner-column elementor-element elementor-element-96ff98f\" data-id=\"96ff98f\" data-element_type=\"column\" data-e-type=\"column\">\n\t\t\t<div class=\"elementor-widget-wrap elementor-element-populated\">\n\t\t\t\t\t\t<div class=\"elementor-element elementor-element-d8e8142 elementor-widget elementor-widget-image\" data-id=\"d8e8142\" data-element_type=\"widget\" data-e-type=\"widget\" data-widget_type=\"image.default\">\n\t\t\t\t<div class=\"elementor-widget-container\">\n\t\t\t\t\t\t\t\t\t\t\t\t\t\t\t<img fetchpriority=\"high\" decoding=\"async\" width=\"774\" height=\"817\" src=\"https:\/\/econtinence.app\/wp-content\/uploads\/2024\/05\/PosterMontage-o.png\" class=\"attachment-large size-large wp-image-1803\" alt=\"\" srcset=\"https:\/\/econtinence.app\/wp-content\/uploads\/2024\/05\/PosterMontage-o.png 774w, https:\/\/econtinence.app\/wp-content\/uploads\/2024\/05\/PosterMontage-o-284x300.png 284w, https:\/\/econtinence.app\/wp-content\/uploads\/2024\/05\/PosterMontage-o-768x811.png 768w\" sizes=\"(max-width: 774px) 100vw, 774px\" \/>\t\t\t\t\t\t\t\t\t\t\t\t\t\t\t<\/div>\n\t\t\t\t<\/div>\n\t\t\t\t\t<\/div>\n\t\t<\/div>\n\t\t\t\t<div class=\"elementor-column elementor-col-50 elementor-inner-column elementor-element elementor-element-8251319\" data-id=\"8251319\" data-element_type=\"column\" data-e-type=\"column\">\n\t\t\t<div class=\"elementor-widget-wrap elementor-element-populated\">\n\t\t\t\t\t\t<div class=\"elementor-element elementor-element-adbdbde elementor-widget elementor-widget-heading\" data-id=\"adbdbde\" data-element_type=\"widget\" data-e-type=\"widget\" data-widget_type=\"heading.default\">\n\t\t\t\t<div class=\"elementor-widget-container\">\n\t\t\t\t\t<h3 class=\"elementor-heading-title elementor-size-default\">Tulostettavat julisteet<\/h3>\t\t\t\t<\/div>\n\t\t\t\t<\/div>\n\t\t\t\t<div class=\"elementor-element elementor-element-f9eb69a elementor-widget elementor-widget-text-editor\" data-id=\"f9eb69a\" data-element_type=\"widget\" data-e-type=\"widget\" data-widget_type=\"text-editor.default\">\n\t\t\t\t<div class=\"elementor-widget-container\">\n\t\t\t\t\t\t\t\t\t<p>Olisimme iloisia, jos laittaisit julisteen odotushuoneeseen tai muuhun paikkaan, jossa k\u00e4y kohderyhm\u00e4n naisia. TULOSTETTAVA PDF-tiedosto on ladattavissa t\u00e4\u00e4lt\u00e4. Jos haluat mieluummin, ett\u00e4 sinulle l\u00e4hetet\u00e4\u00e4n painettu versio, ota <a href=\"https:\/\/econtinence.app\/fi\/ota-yhteytta\/\">meihin yhteytt\u00e4<\/a>.&nbsp;<\/p>\n\t\t\t\t\t\t\t\t<\/div>\n\t\t\t\t<\/div>\n\t\t\t\t<div class=\"elementor-element elementor-element-8f06202 elementor-icon-list--layout-inline elementor-list-item-link-full_width elementor-widget elementor-widget-icon-list\" data-id=\"8f06202\" data-element_type=\"widget\" data-e-type=\"widget\" data-widget_type=\"icon-list.default\">\n\t\t\t\t<div class=\"elementor-widget-container\">\n\t\t\t\t\t\t\t<ul class=\"elementor-icon-list-items elementor-inline-items\">\n\t\t\t\t\t\t\t<li class=\"elementor-icon-list-item elementor-inline-item\">\n\t\t\t\t\t\t\t\t\t\t\t<a href=\"https:\/\/econtinence.app\/wp-content\/uploads\/2024\/05\/Tat-affischer-2405-en.pdf\">\n\n\t\t\t\t\t\t\t\t\t\t\t\t<span class=\"elementor-icon-list-icon\">\n\t\t\t\t\t\t\t<i aria-hidden=\"true\" class=\"far fa-file-pdf\"><\/i>\t\t\t\t\t\t<\/span>\n\t\t\t\t\t\t\t\t\t\t<span class=\"elementor-icon-list-text\">Englanti<\/span>\n\t\t\t\t\t\t\t\t\t\t\t<\/a>\n\t\t\t\t\t\t\t\t\t<\/li>\n\t\t\t\t\t\t\t\t<li class=\"elementor-icon-list-item elementor-inline-item\">\n\t\t\t\t\t\t\t\t\t\t\t<a href=\"https:\/\/econtinence.app\/wp-content\/uploads\/2024\/05\/Tat-affischer-2405-sv.pdf\">\n\n\t\t\t\t\t\t\t\t\t\t\t\t<span class=\"elementor-icon-list-icon\">\n\t\t\t\t\t\t\t<i aria-hidden=\"true\" class=\"far fa-file-pdf\"><\/i>\t\t\t\t\t\t<\/span>\n\t\t\t\t\t\t\t\t\t\t<span class=\"elementor-icon-list-text\">Ruotsi<\/span>\n\t\t\t\t\t\t\t\t\t\t\t<\/a>\n\t\t\t\t\t\t\t\t\t<\/li>\n\t\t\t\t\t\t\t\t<li class=\"elementor-icon-list-item elementor-inline-item\">\n\t\t\t\t\t\t\t\t\t\t\t<a href=\"https:\/\/econtinence.app\/wp-content\/uploads\/2024\/05\/Tat-affischer-2405-da.pdf\">\n\n\t\t\t\t\t\t\t\t\t\t\t\t<span class=\"elementor-icon-list-icon\">\n\t\t\t\t\t\t\t<i aria-hidden=\"true\" class=\"far fa-file-pdf\"><\/i>\t\t\t\t\t\t<\/span>\n\t\t\t\t\t\t\t\t\t\t<span class=\"elementor-icon-list-text\">Tanska<\/span>\n\t\t\t\t\t\t\t\t\t\t\t<\/a>\n\t\t\t\t\t\t\t\t\t<\/li>\n\t\t\t\t\t\t\t\t<li class=\"elementor-icon-list-item elementor-inline-item\">\n\t\t\t\t\t\t\t\t\t\t\t<a href=\"https:\/\/econtinence.app\/wp-content\/uploads\/2024\/05\/Tat-affischer-2405-de.pdf\">\n\n\t\t\t\t\t\t\t\t\t\t\t\t<span class=\"elementor-icon-list-icon\">\n\t\t\t\t\t\t\t<i aria-hidden=\"true\" class=\"far fa-file-pdf\"><\/i>\t\t\t\t\t\t<\/span>\n\t\t\t\t\t\t\t\t\t\t<span class=\"elementor-icon-list-text\">Saksa<\/span>\n\t\t\t\t\t\t\t\t\t\t\t<\/a>\n\t\t\t\t\t\t\t\t\t<\/li>\n\t\t\t\t\t\t\t\t<li class=\"elementor-icon-list-item elementor-inline-item\">\n\t\t\t\t\t\t\t\t\t\t\t<a href=\"https:\/\/econtinence.app\/wp-content\/uploads\/2024\/05\/Tat-affischer-2405-ar.pdf\">\n\n\t\t\t\t\t\t\t\t\t\t\t\t<span class=\"elementor-icon-list-icon\">\n\t\t\t\t\t\t\t<i aria-hidden=\"true\" class=\"far fa-file-pdf\"><\/i>\t\t\t\t\t\t<\/span>\n\t\t\t\t\t\t\t\t\t\t<span class=\"elementor-icon-list-text\">Arabia<\/span>\n\t\t\t\t\t\t\t\t\t\t\t<\/a>\n\t\t\t\t\t\t\t\t\t<\/li>\n\t\t\t\t\t\t\t\t<li class=\"elementor-icon-list-item elementor-inline-item\">\n\t\t\t\t\t\t\t\t\t\t\t<a href=\"https:\/\/econtinence.app\/wp-content\/uploads\/2024\/05\/Tat-affischer-2405-fi.pdf\">\n\n\t\t\t\t\t\t\t\t\t\t\t\t<span class=\"elementor-icon-list-icon\">\n\t\t\t\t\t\t\t<i aria-hidden=\"true\" class=\"far fa-file-pdf\"><\/i>\t\t\t\t\t\t<\/span>\n\t\t\t\t\t\t\t\t\t\t<span class=\"elementor-icon-list-text\">Suomi<\/span>\n\t\t\t\t\t\t\t\t\t\t\t<\/a>\n\t\t\t\t\t\t\t\t\t<\/li>\n\t\t\t\t\t\t\t\t<li class=\"elementor-icon-list-item elementor-inline-item\">\n\t\t\t\t\t\t\t\t\t\t\t<a href=\"https:\/\/econtinence.app\/wp-content\/uploads\/2024\/05\/Tat-affischer-2405-no.pdf\">\n\n\t\t\t\t\t\t\t\t\t\t\t\t<span class=\"elementor-icon-list-icon\">\n\t\t\t\t\t\t\t<i aria-hidden=\"true\" class=\"far fa-file-pdf\"><\/i>\t\t\t\t\t\t<\/span>\n\t\t\t\t\t\t\t\t\t\t<span class=\"elementor-icon-list-text\">Norja<\/span>\n\t\t\t\t\t\t\t\t\t\t\t<\/a>\n\t\t\t\t\t\t\t\t\t<\/li>\n\t\t\t\t\t\t<\/ul>\n\t\t\t\t\t\t<\/div>\n\t\t\t\t<\/div>\n\t\t\t\t\t<\/div>\n\t\t<\/div>\n\t\t\t\t\t<\/div>\n\t\t<\/section>\n\t\t\t\t\t<\/div>\n\t\t<\/div>\n\t\t\t\t\t<\/div>\n\t\t<\/section>\n\t\t\t\t<\/div>\n\t\t","protected":false},"excerpt":{"rendered":"<p>L\u00e4\u00e4k\u00e4rit ja k\u00e4til\u00f6t suosittelevat T\u00e4t\u00ae-sovellusta T\u00e4t\u00ae on turvallinen valinta, jos haluat suositella kuntosovellusta henkil\u00f6lle, jolla on liikuntainkontinenssi. Sovellus on ruotsalaisen tutkimuksen tulos ja CE-merkitty l\u00e4\u00e4kinn\u00e4lliseksi laitteeksi. CE-merkint\u00e4 tarkoittaa, ett\u00e4 sovelluksella on osoitettu olevan kliinist\u00e4 hy\u00f6ty\u00e4 ja ett\u00e4 se t\u00e4ytt\u00e4\u00e4 kaikki s\u00e4\u00e4nn\u00f6st\u00f6n asettamat turvallisuus- ja suorituskykyvaatimukset.&nbsp; Tulostettavat julisteet Olisimme iloisia, jos laittaisit julisteen odotushuoneeseen tai muuhun [&hellip;]<\/p>\n","protected":false},"author":1,"featured_media":0,"parent":2110,"menu_order":20,"comment_status":"closed","ping_status":"closed","template":"","meta":{"_seopress_robots_primary_cat":"","_seopress_titles_title":"","_seopress_titles_desc":"","_seopress_robots_index":"","footnotes":""},"class_list":["post-2124","page","type-page","status-publish","hentry"],"_links":{"self":[{"href":"https:\/\/econtinence.app\/fi\/wp-json\/wp\/v2\/pages\/2124","targetHints":{"allow":["GET"]}}],"collection":[{"href":"https:\/\/econtinence.app\/fi\/wp-json\/wp\/v2\/pages"}],"about":[{"href":"https:\/\/econtinence.app\/fi\/wp-json\/wp\/v2\/types\/page"}],"author":[{"embeddable":true,"href":"https:\/\/econtinence.app\/fi\/wp-json\/wp\/v2\/users\/1"}],"replies":[{"embeddable":true,"href":"https:\/\/econtinence.app\/fi\/wp-json\/wp\/v2\/comments?post=2124"}],"version-history":[{"count":4,"href":"https:\/\/econtinence.app\/fi\/wp-json\/wp\/v2\/pages\/2124\/revisions"}],"predecessor-version":[{"id":2161,"href":"https:\/\/econtinence.app\/fi\/wp-json\/wp\/v2\/pages\/2124\/revisions\/2161"}],"up":[{"embeddable":true,"href":"https:\/\/econtinence.app\/fi\/wp-json\/wp\/v2\/pages\/2110"}],"wp:attachment":[{"href":"https:\/\/econtinence.app\/fi\/wp-json\/wp\/v2\/media?parent=2124"}],"curies":[{"name":"wp","href":"https:\/\/api.w.org\/{rel}","templated":true}]}}