{"id":2114,"date":"2022-06-08T09:41:10","date_gmt":"2022-06-08T07:41:10","guid":{"rendered":"https:\/\/econtinence.app\/tat\/tutkimus\/"},"modified":"2024-06-05T00:00:46","modified_gmt":"2024-06-04T22:00:46","slug":"tutkimus","status":"publish","type":"page","link":"https:\/\/econtinence.app\/fi\/tat\/tutkimus\/","title":{"rendered":"Tutkimus"},"content":{"rendered":"\n<h2 class=\"wp-block-heading\">T\u00e4t.nu-tutkimushanke<\/h2>\n\n<p>T\u00e4t\u00ae on kehitetty ja arvioitu Uumajan <a href=\"https:\/\/t&#xE4;t.nu\/\" target=\"_blank\" rel=\"noreferrer noopener\">yliopiston<\/a> T\u00e4t.nu-tutkimushankkeessa. Sovellusta alettiin kehitt\u00e4\u00e4 vuonna 2010 Ruotsissa, yhteisty\u00f6ss\u00e4 Uumajan yliopiston ITS-yksik\u00f6n kanssa. Joillain tutkijoista oli useiden vuosien kokemus Internet-ohjelmasta, joka oli suunniteltu ysk\u00e4\u00e4n, hypp\u00e4\u00e4miseen ja rasitukseen liittyvien vuotojen hoitoon. S\u00e4hk\u00f6inen terveydenhuolto oli tuolloin palveluna melko uusi. Sen j\u00e4lkeen on tapahtunut paljon. Terveyssovellusten m\u00e4\u00e4r\u00e4 on kasvanut r\u00e4j\u00e4hdysm\u00e4isesti. Hyvin harvoja on kuitenkaan arvioitu kliinisiss\u00e4 tutkimuksissa.<\/p>\n\n<div class=\"wp-block-columns is-layout-flex wp-container-core-columns-is-layout-28f84493 wp-block-columns-is-layout-flex\">\n<div class=\"wp-block-column is-layout-flow wp-block-column-is-layout-flow\">\n<p>T\u00e4t on l\u00e4\u00e4ketieteellinen sovellus, ja CE-merkint\u00e4 tarkoittaa, ett\u00e4 sill\u00e4 on osoitettu olevan kliinist\u00e4 hy\u00f6ty\u00e4 ja ett\u00e4 se t\u00e4ytt\u00e4\u00e4 kaikki s\u00e4\u00e4nn\u00f6st\u00f6n asettamat turvallisuus- ja suorituskykyvaatimukset.\u00a0<\/p>\n\n\n\n<p>Sovellusta on arvioitu useissa tieteellisiss\u00e4 tutkimuksissa, kahdessa eri v\u00e4it\u00f6skirjassa ja kansainv\u00e4lisiss\u00e4 katsauksissa. Naisilla, jotka k\u00e4yttiv\u00e4t sovellusta kolmen kuukauden ajan, oli v\u00e4hemm\u00e4n vuotoja ja parempi el\u00e4m\u00e4nlaatu verrattuna kontrolliryhm\u00e4\u00e4n, joka ei k\u00e4ytt\u00e4nyt sovellusta, ja parantaminen kesti pitk\u00e4\u00e4n. Sovellusta on arvioitu my\u00f6s terveystaloudellisessa tutkimuksessa ja haastattelututkimuksessa. Voit lukea lis\u00e4\u00e4 sovelluksen taustalla olevasta tutkimuksesta <a href=\"https:\/\/t&#xE4;t.nu\/\" target=\"_blank\" rel=\"noreferrer noopener\">t\u00e4\u00e4lt\u00e4<\/a>.\u00a0<\/p>\n\n\n\n<p>Tutkimushankkeessa on useita tutkijoita; Malin Sj\u00f6str\u00f6m, Emma Nystr\u00f6m ja Ina Asklund ovat kaikki\u00a0v\u00e4itelleet tohtoreiksi hankkeesta. Eva Samuelsson on toiminut tutkimusjohtajana alusta alkaen, vuodesta 2008. He ovat yhdess\u00e4 perustaneet yrityksen eContinence. Towe Wadensten on hankkeen tohtoriopiskelija, joka v\u00e4ittelee aiheesta vuonna 2023.<\/p>\n\n\n\n<p>T\u00e4t\u00ae-sovellusta koskeva tutkimus on nyt valmis, mutta s\u00e4hk\u00f6ist\u00e4 terveydenhuoltoa ja muita hankkeen sovelluksia koskevaa tutkimusta tehd\u00e4\u00e4n t\u00e4ll\u00e4kin hetkell\u00e4, <a href=\"https:\/\/t&#xE4;t.nu\/\" target=\"_blank\" rel=\"noreferrer noopener\">lue lis\u00e4\u00e4 t\u00e4\u00e4lt\u00e4<\/a>.\u00a0<\/p>\n\n\n\n<p>Jos haluat lukea lis\u00e4\u00e4 T\u00e4t-sovelluksen eri osien perustana olevasta tutkimuksesta, voit lukea lis\u00e4\u00e4 T\u00e4t-sovelluksen <a href=\"https:\/\/econtinence.app\/tat\/forskning\/om-tat\/\" data-type=\"page\" data-id=\"508\">vaikutusta koskevista todisteista t\u00e4\u00e4lt\u00e4<\/a>, nipistysharjoittelun <a href=\"https:\/\/econtinence.app\/tat\/forskning\/kniptraning\/\" data-type=\"page\" data-id=\"506\">vaikutusta koskevista todisteista t\u00e4\u00e4lt\u00e4<\/a> ja el\u00e4m\u00e4ntapatottumusten <a href=\"https:\/\/econtinence.app\/tat\/forskning\/levnadsvanor\/\" data-type=\"page\" data-id=\"510\">t\u00e4rkeydest\u00e4 t\u00e4\u00e4lt\u00e4<\/a>.<\/p>\n<\/div>\n<\/div>\n","protected":false},"excerpt":{"rendered":"<p>T\u00e4t.nu-tutkimushanke T\u00e4t\u00ae on kehitetty ja arvioitu Uumajan yliopiston T\u00e4t.nu-tutkimushankkeessa. Sovellusta alettiin kehitt\u00e4\u00e4 vuonna 2010 Ruotsissa, yhteisty\u00f6ss\u00e4 Uumajan yliopiston ITS-yksik\u00f6n kanssa. Joillain tutkijoista oli useiden vuosien kokemus Internet-ohjelmasta, joka oli suunniteltu ysk\u00e4\u00e4n, hypp\u00e4\u00e4miseen ja rasitukseen liittyvien vuotojen hoitoon. S\u00e4hk\u00f6inen terveydenhuolto oli tuolloin palveluna melko uusi. Sen j\u00e4lkeen on tapahtunut paljon. Terveyssovellusten m\u00e4\u00e4r\u00e4 on kasvanut r\u00e4j\u00e4hdysm\u00e4isesti. Hyvin [&hellip;]<\/p>\n","protected":false},"author":1,"featured_media":0,"parent":2110,"menu_order":0,"comment_status":"closed","ping_status":"closed","template":"","meta":{"_seopress_robots_primary_cat":"","_seopress_titles_title":"","_seopress_titles_desc":"","_seopress_robots_index":"","footnotes":""},"class_list":["post-2114","page","type-page","status-publish","hentry"],"_links":{"self":[{"href":"https:\/\/econtinence.app\/fi\/wp-json\/wp\/v2\/pages\/2114","targetHints":{"allow":["GET"]}}],"collection":[{"href":"https:\/\/econtinence.app\/fi\/wp-json\/wp\/v2\/pages"}],"about":[{"href":"https:\/\/econtinence.app\/fi\/wp-json\/wp\/v2\/types\/page"}],"author":[{"embeddable":true,"href":"https:\/\/econtinence.app\/fi\/wp-json\/wp\/v2\/users\/1"}],"replies":[{"embeddable":true,"href":"https:\/\/econtinence.app\/fi\/wp-json\/wp\/v2\/comments?post=2114"}],"version-history":[{"count":3,"href":"https:\/\/econtinence.app\/fi\/wp-json\/wp\/v2\/pages\/2114\/revisions"}],"predecessor-version":[{"id":2153,"href":"https:\/\/econtinence.app\/fi\/wp-json\/wp\/v2\/pages\/2114\/revisions\/2153"}],"up":[{"embeddable":true,"href":"https:\/\/econtinence.app\/fi\/wp-json\/wp\/v2\/pages\/2110"}],"wp:attachment":[{"href":"https:\/\/econtinence.app\/fi\/wp-json\/wp\/v2\/media?parent=2114"}],"curies":[{"name":"wp","href":"https:\/\/api.w.org\/{rel}","templated":true}]}}