{"id":1673,"date":"2022-06-08T13:09:11","date_gmt":"2022-06-08T11:09:11","guid":{"rendered":"https:\/\/econtinence.app\/about-us\/"},"modified":"2025-01-16T12:41:27","modified_gmt":"2025-01-16T11:41:27","slug":"about-us","status":"publish","type":"page","link":"https:\/\/econtinence.app\/en\/about-us\/","title":{"rendered":"About us"},"content":{"rendered":"\n<h2 class=\"wp-block-heading\">eContinence: The company behind the T\u00e4t\u00ae app<\/h2>\n\n\n\n<p><strong>Millions of people all over the world restrict how they live their lives due to urinary leakage. Our team is driven by the desire to make simple and effective treatment available to everybody, regardless of where you live.<\/strong><\/p>\n\n\n\n<p>Founded in 2021, the med-tech company eContinence AB was created by a team of doctors and researchers who had worked together in the research project T\u00e4t.nu at Ume\u00e5 University in Sweden. The purpose of this research project was to develop, evaluate and implement an e-health application for the treatment of urinary incontinence. The T\u00e4t app was the first incontinence treatment app in the world to be scientifically evaluated in clinical trials, and it has received great attention from the incontinence research community internationally. Research regarding the T\u00e4t\u00ae app is now complete, and the eContinence team is now managing and building on our work so that the app continues to be available and to develop. <a href=\"https:\/\/econtinence.app\/en\/contact\/\" data-type=\"page\" data-id=\"26\">Feel free to contact us<\/a>.<\/p>\n\n\n\n<div style=\"height:19px\" aria-hidden=\"true\" class=\"wp-block-spacer\"><\/div>\n\n\n\t\t<div data-elementor-type=\"section\" data-elementor-id=\"1708\" class=\"elementor elementor-1708 elementor-1198\" data-elementor-post-type=\"elementor_library\">\n\t\t\t\t\t<section class=\"elementor-section elementor-inner-section elementor-element elementor-element-257fa5a3 elementor-section-boxed elementor-section-height-default elementor-section-height-default\" data-id=\"257fa5a3\" data-element_type=\"section\" data-e-type=\"section\">\n\t\t\t\t\t\t<div class=\"elementor-container elementor-column-gap-default\">\n\t\t\t\t\t<div class=\"elementor-column elementor-col-20 elementor-inner-column elementor-element elementor-element-668799f7\" data-id=\"668799f7\" data-element_type=\"column\" data-e-type=\"column\">\n\t\t\t<div class=\"elementor-widget-wrap elementor-element-populated\">\n\t\t\t\t\t\t<div class=\"elementor-element elementor-element-471462b0 elementor-position-top elementor-widget elementor-widget-image-box\" data-id=\"471462b0\" data-element_type=\"widget\" data-e-type=\"widget\" data-widget_type=\"image-box.default\">\n\t\t\t\t<div class=\"elementor-widget-container\">\n\t\t\t\t\t<div class=\"elementor-image-box-wrapper\"><figure class=\"elementor-image-box-img\"><img fetchpriority=\"high\" decoding=\"async\" width=\"346\" height=\"346\" src=\"https:\/\/econtinence.app\/wp-content\/uploads\/2022\/10\/eva_c.png\" class=\"attachment-full size-full wp-image-1622\" alt=\"\" srcset=\"https:\/\/econtinence.app\/wp-content\/uploads\/2022\/10\/eva_c.png 346w, https:\/\/econtinence.app\/wp-content\/uploads\/2022\/10\/eva_c-300x300.png 300w, https:\/\/econtinence.app\/wp-content\/uploads\/2022\/10\/eva_c-150x150.png 150w\" sizes=\"(max-width: 346px) 100vw, 346px\" \/><\/figure><div class=\"elementor-image-box-content\"><h3 class=\"elementor-image-box-title\">Eva Samuelsson<\/h3><p class=\"elementor-image-box-description\">CEO of eContinence AB<br>\nProfessor and specialist in Family Medicine<\/p><\/div><\/div>\t\t\t\t<\/div>\n\t\t\t\t<\/div>\n\t\t\t\t\t<\/div>\n\t\t<\/div>\n\t\t\t\t<div class=\"elementor-column elementor-col-20 elementor-inner-column elementor-element elementor-element-375ea23e\" data-id=\"375ea23e\" data-element_type=\"column\" data-e-type=\"column\">\n\t\t\t<div class=\"elementor-widget-wrap elementor-element-populated\">\n\t\t\t\t\t\t<div class=\"elementor-element elementor-element-2b811e0 elementor-position-top elementor-widget elementor-widget-image-box\" data-id=\"2b811e0\" data-element_type=\"widget\" data-e-type=\"widget\" data-widget_type=\"image-box.default\">\n\t\t\t\t<div class=\"elementor-widget-container\">\n\t\t\t\t\t<div class=\"elementor-image-box-wrapper\"><figure class=\"elementor-image-box-img\"><img decoding=\"async\" width=\"346\" height=\"346\" src=\"https:\/\/econtinence.app\/wp-content\/uploads\/2022\/10\/emma_c.png\" class=\"attachment-full size-full wp-image-1619\" alt=\"\" srcset=\"https:\/\/econtinence.app\/wp-content\/uploads\/2022\/10\/emma_c.png 346w, https:\/\/econtinence.app\/wp-content\/uploads\/2022\/10\/emma_c-300x300.png 300w, https:\/\/econtinence.app\/wp-content\/uploads\/2022\/10\/emma_c-150x150.png 150w\" sizes=\"(max-width: 346px) 100vw, 346px\" \/><\/figure><div class=\"elementor-image-box-content\"><h3 class=\"elementor-image-box-title\">Emma Nystr\u00f6m<\/h3><p class=\"elementor-image-box-description\">Dr. Med and Resident physician of Family Medicine<\/p><\/div><\/div>\t\t\t\t<\/div>\n\t\t\t\t<\/div>\n\t\t\t\t\t<\/div>\n\t\t<\/div>\n\t\t\t\t<div class=\"elementor-column elementor-col-20 elementor-inner-column elementor-element elementor-element-768df976\" data-id=\"768df976\" data-element_type=\"column\" data-e-type=\"column\">\n\t\t\t<div class=\"elementor-widget-wrap elementor-element-populated\">\n\t\t\t\t\t\t<div class=\"elementor-element elementor-element-307c854b elementor-position-top elementor-widget elementor-widget-image-box\" data-id=\"307c854b\" data-element_type=\"widget\" data-e-type=\"widget\" data-widget_type=\"image-box.default\">\n\t\t\t\t<div class=\"elementor-widget-container\">\n\t\t\t\t\t<div class=\"elementor-image-box-wrapper\"><figure class=\"elementor-image-box-img\"><img decoding=\"async\" width=\"347\" height=\"346\" src=\"https:\/\/econtinence.app\/wp-content\/uploads\/2022\/10\/ina_c.png\" class=\"attachment-full size-full wp-image-1628\" alt=\"\" srcset=\"https:\/\/econtinence.app\/wp-content\/uploads\/2022\/10\/ina_c.png 347w, https:\/\/econtinence.app\/wp-content\/uploads\/2022\/10\/ina_c-300x300.png 300w, https:\/\/econtinence.app\/wp-content\/uploads\/2022\/10\/ina_c-150x150.png 150w\" sizes=\"(max-width: 347px) 100vw, 347px\" \/><\/figure><div class=\"elementor-image-box-content\"><h3 class=\"elementor-image-box-title\">Ina Asklund<\/h3><p class=\"elementor-image-box-description\">Dr. Med and specialist in Family Medicine<\/p><\/div><\/div>\t\t\t\t<\/div>\n\t\t\t\t<\/div>\n\t\t\t\t\t<\/div>\n\t\t<\/div>\n\t\t\t\t<div class=\"elementor-column elementor-col-20 elementor-inner-column elementor-element elementor-element-7f7f7b6f\" data-id=\"7f7f7b6f\" data-element_type=\"column\" data-e-type=\"column\">\n\t\t\t<div class=\"elementor-widget-wrap elementor-element-populated\">\n\t\t\t\t\t\t<div class=\"elementor-element elementor-element-1be7857e elementor-position-top elementor-widget elementor-widget-image-box\" data-id=\"1be7857e\" data-element_type=\"widget\" data-e-type=\"widget\" data-widget_type=\"image-box.default\">\n\t\t\t\t<div class=\"elementor-widget-container\">\n\t\t\t\t\t<div class=\"elementor-image-box-wrapper\"><figure class=\"elementor-image-box-img\"><img loading=\"lazy\" decoding=\"async\" width=\"346\" height=\"346\" src=\"https:\/\/econtinence.app\/wp-content\/uploads\/2022\/10\/malin_c.png\" class=\"attachment-full size-full wp-image-1631\" alt=\"\" srcset=\"https:\/\/econtinence.app\/wp-content\/uploads\/2022\/10\/malin_c.png 346w, https:\/\/econtinence.app\/wp-content\/uploads\/2022\/10\/malin_c-300x300.png 300w, https:\/\/econtinence.app\/wp-content\/uploads\/2022\/10\/malin_c-150x150.png 150w\" sizes=\"(max-width: 346px) 100vw, 346px\" \/><\/figure><div class=\"elementor-image-box-content\"><h3 class=\"elementor-image-box-title\">Malin Sj\u00f6str\u00f6m<\/h3><p class=\"elementor-image-box-description\">Associate professor and specialist in Family Medicine<\/p><\/div><\/div>\t\t\t\t<\/div>\n\t\t\t\t<\/div>\n\t\t\t\t\t<\/div>\n\t\t<\/div>\n\t\t\t\t<div class=\"elementor-column elementor-col-20 elementor-inner-column elementor-element elementor-element-2806e68a\" data-id=\"2806e68a\" data-element_type=\"column\" data-e-type=\"column\">\n\t\t\t<div class=\"elementor-widget-wrap elementor-element-populated\">\n\t\t\t\t\t\t<div class=\"elementor-element elementor-element-56639508 elementor-position-top elementor-widget elementor-widget-image-box\" data-id=\"56639508\" data-element_type=\"widget\" data-e-type=\"widget\" data-widget_type=\"image-box.default\">\n\t\t\t\t<div class=\"elementor-widget-container\">\n\t\t\t\t\t<div class=\"elementor-image-box-wrapper\"><figure class=\"elementor-image-box-img\"><img loading=\"lazy\" decoding=\"async\" width=\"346\" height=\"346\" src=\"https:\/\/econtinence.app\/wp-content\/uploads\/2022\/10\/fredrik_c.png\" class=\"attachment-full size-full wp-image-1625\" alt=\"\" srcset=\"https:\/\/econtinence.app\/wp-content\/uploads\/2022\/10\/fredrik_c.png 346w, https:\/\/econtinence.app\/wp-content\/uploads\/2022\/10\/fredrik_c-300x300.png 300w, https:\/\/econtinence.app\/wp-content\/uploads\/2022\/10\/fredrik_c-150x150.png 150w\" sizes=\"(max-width: 346px) 100vw, 346px\" \/><\/figure><div class=\"elementor-image-box-content\"><h3 class=\"elementor-image-box-title\">Fredrik Jonsson<\/h3><p class=\"elementor-image-box-description\">Head of Sales and Business Development\/QA<\/p><\/div><\/div>\t\t\t\t<\/div>\n\t\t\t\t<\/div>\n\t\t\t\t\t<\/div>\n\t\t<\/div>\n\t\t\t\t\t<\/div>\n\t\t<\/section>\n\t\t\t\t<\/div>\n\t\t\n\n\n\n<div class=\"wp-block-columns is-layout-flex wp-container-core-columns-is-layout-28f84493 wp-block-columns-is-layout-flex\">\n<div class=\"wp-block-column is-layout-flow wp-block-column-is-layout-flow\">\n<h2 class=\"wp-block-heading\"><strong>Important milestones<\/strong><\/h2>\n\n\n\n<p>2024<\/p>\n\n\n\n<ul class=\"wp-block-list\">\n<li>Our new technical partner is Daresay by Knightec.<\/li>\n\n\n\n<li>We start a collaboration with Evidensa AB and the app &#8220;One million babies&#8221;, one of the apps that are most used among pregnant women in Sweden.<\/li>\n\n\n\n<li>We release a completely new version of T\u00e4t\u00ae on a new technical platform with a new look, simpler navigation, and more features.<\/li>\n\n\n\n<li>We release a completely new version of the app T\u00e4t\u00ae-m (previously T\u00e4t\u00aeIII) on a new technical platform. We do this in collaboration with the Swedish Prostate Cancer Foundation, the app facilitate pelvic floor muscle training for men. <\/li>\n\n\n\n<li>Towe Wadensten defend her thesis &#8220;App-based self-management of urgency and mixed urinary incontinence in women: efficacy, long-term results, and factors associated with treatment satisfaction\u00a0&#8220;. The app T\u00e4t\u00aeII has shown good results both in the short and long-term for women with urgency or mixed urinary incontinence. The app is \u00a0CE-marked and eContinence is manufacturer for the app. The app is only available for study participants.<\/li>\n<\/ul>\n\n\n\n<p><em>2023<\/em><\/p>\n\n\n\n<ul class=\"wp-block-list\">\n<li>The T\u00e4t\u00ae app is released in a new version with new functions. The app is used by many women for pelvic floor muscle training during pregnancy and after childbirth. This is supported by research.<\/li>\n\n\n\n<li>Granted support from Vinnovas &#8220;Innovative start-ups&#8221;<\/li>\n<\/ul>\n\n\n\n<p><em>2022<\/em><\/p>\n\n\n\n<ul class=\"wp-block-list\">\n<li>The award \u201dInnovation Champions of the year\u201d, Region J\u00e4mtland H\u00e4rjedalen goes to our team.<\/li>\n\n\n\n<li>New content and features make the T\u00e4t\u00ae app even better. It is released as a free version and as a Premium version. It is intended to treat urinary leakage triggered by exertion.<\/li>\n\n\n\n<li>Granted support from Vinnova (MedTech4Health)<\/li>\n\n\n\n<li>Regional innovation support from Region JH<\/li>\n\n\n\n<li>Winner of Ume\u00e5 University\u2019s\/Nordea\u2019s innovation award for creating value from research (Eva Samuelsson).<\/li>\n<\/ul>\n\n\n\n<p><em>2021<\/em><\/p>\n\n\n\n<ul class=\"wp-block-list\">\n<li>Ume\u00e5 Universitet Holding invests in eContinence AB<\/li>\n\n\n\n<li>Winner of Sigrid Strand\u2019s award for female innovators (Eva Samuelsson). <\/li>\n\n\n\n<li>The company is accepted into the Uminova innovation incubator in Ume\u00e5.<\/li>\n\n\n\n<li>eContinence AB, \u00d6stersund is registered in July 2021.<\/li>\n\n\n\n<li>The T\u00e4t\u00ae app is CE-marked as a class I medical device, under MDR 2017\/745.<\/li>\n\n\n\n<li>The T\u00e4t\u00ae app is audited and recommended by SALAR (Swedish Association of Local Authorities and Regions).<\/li>\n<\/ul>\n\n\n\n<p><em>2018-2021<\/em><\/p>\n\n\n\n<ul class=\"wp-block-list\">\n<li>The project participates in the verification program that Ume\u00e5 University offers to researchers via its Innovation Office, with continuous support from innovation advisors and business coaches.<\/li>\n<\/ul>\n\n\n\n<p><em>2020<\/em><\/p>\n\n\n\n<ul class=\"wp-block-list\">\n<li>The T\u00e4t\u00ae app is recommended by Nikola (a network for bladder and intestinal dysfunction in Sweden)<\/li>\n\n\n\n<li>The T\u00e4t\u00ae app is recommended by healthcare centres, maternity departments and clinics all over Sweden. <\/li>\n<\/ul>\n\n\n\n<p><em>2008-2022<\/em><\/p>\n\n\n\n<ul class=\"wp-block-list\">\n<li>Three doctoral theses and 21 scientific articles have been published within the research project, financed through national, regional and local fundings. One internet programme and three apps have been developed and evaluated within the project. <\/li>\n<\/ul>\n\n\n\n<p><em>2015<\/em><\/p>\n\n\n\n<ul class=\"wp-block-list\">\n<li>The trademark T\u00e4t is registered.<\/li>\n<\/ul>\n\n\n\n<p><em>2008<\/em><\/p>\n\n\n\n<ul class=\"wp-block-list\">\n<li>The research project T\u00e4t.nu at Ume\u00e5 University, Sweden, is founded by Eva Samuelsson and G\u00f6ran Umefjord. The aim is to develop, evaluate and implement e-health for treatment of urinary incontinence.<\/li>\n<\/ul>\n<\/div>\n<\/div>\n\n\n\n<p class=\"has-text-align-center\"><strong>With funding from:<\/strong><\/p>\n\n\n\n<figure class=\"wp-block-image aligncenter size-large\"><img loading=\"lazy\" decoding=\"async\" width=\"1024\" height=\"114\" src=\"https:\/\/econtinence.app\/wp-content\/uploads\/2022\/06\/logobar_b-1024x114.png\" alt=\"\" class=\"wp-image-895\" srcset=\"https:\/\/econtinence.app\/wp-content\/uploads\/2022\/06\/logobar_b-1024x114.png 1024w, https:\/\/econtinence.app\/wp-content\/uploads\/2022\/06\/logobar_b-300x33.png 300w, https:\/\/econtinence.app\/wp-content\/uploads\/2022\/06\/logobar_b-768x86.png 768w, https:\/\/econtinence.app\/wp-content\/uploads\/2022\/06\/logobar_b-1536x171.png 1536w, https:\/\/econtinence.app\/wp-content\/uploads\/2022\/06\/logobar_b.png 1616w\" sizes=\"(max-width: 1024px) 100vw, 1024px\" \/><\/figure>\n","protected":false},"excerpt":{"rendered":"<p>eContinence: The company behind the T\u00e4t\u00ae app Millions of people all over the world restrict how they live their lives due to urinary leakage. Our team is driven by the desire to make simple and effective treatment available to everybody, regardless of where you live. Founded in 2021, the med-tech company eContinence AB was created [&hellip;]<\/p>\n","protected":false},"author":1,"featured_media":0,"parent":0,"menu_order":0,"comment_status":"closed","ping_status":"closed","template":"","meta":{"_seopress_robots_primary_cat":"","_seopress_titles_title":"","_seopress_titles_desc":"","_seopress_robots_index":"","footnotes":""},"class_list":["post-1673","page","type-page","status-publish","hentry"],"_links":{"self":[{"href":"https:\/\/econtinence.app\/en\/wp-json\/wp\/v2\/pages\/1673","targetHints":{"allow":["GET"]}}],"collection":[{"href":"https:\/\/econtinence.app\/en\/wp-json\/wp\/v2\/pages"}],"about":[{"href":"https:\/\/econtinence.app\/en\/wp-json\/wp\/v2\/types\/page"}],"author":[{"embeddable":true,"href":"https:\/\/econtinence.app\/en\/wp-json\/wp\/v2\/users\/1"}],"replies":[{"embeddable":true,"href":"https:\/\/econtinence.app\/en\/wp-json\/wp\/v2\/comments?post=1673"}],"version-history":[{"count":3,"href":"https:\/\/econtinence.app\/en\/wp-json\/wp\/v2\/pages\/1673\/revisions"}],"predecessor-version":[{"id":2376,"href":"https:\/\/econtinence.app\/en\/wp-json\/wp\/v2\/pages\/1673\/revisions\/2376"}],"wp:attachment":[{"href":"https:\/\/econtinence.app\/en\/wp-json\/wp\/v2\/media?parent=1673"}],"curies":[{"name":"wp","href":"https:\/\/api.w.org\/{rel}","templated":true}]}}