{"id":2136,"date":"2022-06-08T13:09:11","date_gmt":"2022-06-08T11:09:11","guid":{"rendered":"https:\/\/econtinence.app\/ueber-uns\/"},"modified":"2024-06-05T00:00:59","modified_gmt":"2024-06-04T22:00:59","slug":"ueber-uns","status":"publish","type":"page","link":"https:\/\/econtinence.app\/de\/ueber-uns\/","title":{"rendered":"\u00dcber uns"},"content":{"rendered":"\n<h2 class=\"wp-block-heading\">eContinence:Das Unternehmen hinter der App T\u00e4t\u00ae<\/h2>\n\n<p><strong>Millionen von Menschen weltweit schr\u00e4nken ihr Leben aufgrund von Harninkontinenz ein. Unser Antrieb ist es, eine einfache und effektive Behandlung f\u00fcr alle Menschen zug\u00e4nglich zu machen, unabh\u00e4ngig davon, wo diese leben.<\/strong><\/p>\n\n<p>Das Medtech-Unternehmen eContinence AB, gegr\u00fcndet 2021, wurde von einem Team aus \u00c4rzten und Forschern ins Leben gerufen, die im Forschungsprojekt T\u00e4t.nu an der Universit\u00e4t Ume\u00e5 in Schweden zusammengearbeitet hatten. Ziel des Forschungsprojekts war es, E-Health f\u00fcr die Behandlung von Harninkontinenz zu entwickeln, zu evaluieren und zu implementieren. Die App T\u00e4t war die erste Inkontinenzbehandlungs-App weltweit, die in klinischen Studien wissenschaftlich evaluiert wurde, und sie hat gro\u00dfe Aufmerksamkeit auch unter internationalen Inkontinenzforschern erregt. Die Forschung zur App T\u00e4t\u00ae ist nun abgeschlossen, und wir bei eContinence setzen die Arbeit fort, damit die App weiterhin verf\u00fcgbar bleibt und weiterentwickelt wird. <a href=\"https:\/\/econtinence.app\/de\/kontakt\/\" data-type=\"page\" data-id=\"26\">Kontaktieren Sie uns gerne<\/a>.<\/p>\n\n<div style=\"height:19px\" aria-hidden=\"true\" class=\"wp-block-spacer\"><\/div>\n\t\t<div data-elementor-type=\"section\" data-elementor-id=\"2063\" class=\"elementor elementor-2063 elementor-1198\" data-elementor-post-type=\"elementor_library\">\n\t\t\t\t\t<section class=\"elementor-section elementor-inner-section elementor-element elementor-element-257fa5a3 elementor-section-boxed elementor-section-height-default elementor-section-height-default\" data-id=\"257fa5a3\" data-element_type=\"section\" data-e-type=\"section\">\n\t\t\t\t\t\t<div class=\"elementor-container elementor-column-gap-default\">\n\t\t\t\t\t<div class=\"elementor-column elementor-col-20 elementor-inner-column elementor-element elementor-element-668799f7\" data-id=\"668799f7\" data-element_type=\"column\" data-e-type=\"column\">\n\t\t\t<div class=\"elementor-widget-wrap elementor-element-populated\">\n\t\t\t\t\t\t<div class=\"elementor-element elementor-element-471462b0 elementor-position-top elementor-widget elementor-widget-image-box\" data-id=\"471462b0\" data-element_type=\"widget\" data-e-type=\"widget\" data-widget_type=\"image-box.default\">\n\t\t\t\t<div class=\"elementor-widget-container\">\n\t\t\t\t\t<div class=\"elementor-image-box-wrapper\"><figure class=\"elementor-image-box-img\"><img fetchpriority=\"high\" decoding=\"async\" width=\"346\" height=\"346\" src=\"https:\/\/econtinence.app\/wp-content\/uploads\/2022\/10\/eva_c.png\" class=\"attachment-full size-full wp-image-1624\" alt=\"\" srcset=\"https:\/\/econtinence.app\/wp-content\/uploads\/2022\/10\/eva_c.png 346w, https:\/\/econtinence.app\/wp-content\/uploads\/2022\/10\/eva_c-300x300.png 300w, https:\/\/econtinence.app\/wp-content\/uploads\/2022\/10\/eva_c-150x150.png 150w\" sizes=\"(max-width: 346px) 100vw, 346px\" \/><\/figure><div class=\"elementor-image-box-content\"><h3 class=\"elementor-image-box-title\">Eva Samuelsson<\/h3><p class=\"elementor-image-box-description\">Gesch\u00e4ftsf\u00fchrerin von eContinence AB<br>\nProfessorin und Fach\u00e4rztin f\u00fcr Allgemeinmedizin<\/p><\/div><\/div>\t\t\t\t<\/div>\n\t\t\t\t<\/div>\n\t\t\t\t\t<\/div>\n\t\t<\/div>\n\t\t\t\t<div class=\"elementor-column elementor-col-20 elementor-inner-column elementor-element elementor-element-375ea23e\" data-id=\"375ea23e\" data-element_type=\"column\" data-e-type=\"column\">\n\t\t\t<div class=\"elementor-widget-wrap elementor-element-populated\">\n\t\t\t\t\t\t<div class=\"elementor-element elementor-element-2b811e0 elementor-position-top elementor-widget elementor-widget-image-box\" data-id=\"2b811e0\" data-element_type=\"widget\" data-e-type=\"widget\" data-widget_type=\"image-box.default\">\n\t\t\t\t<div class=\"elementor-widget-container\">\n\t\t\t\t\t<div class=\"elementor-image-box-wrapper\"><figure class=\"elementor-image-box-img\"><img decoding=\"async\" width=\"346\" height=\"346\" src=\"https:\/\/econtinence.app\/wp-content\/uploads\/2022\/10\/emma_c.png\" class=\"attachment-full size-full wp-image-1621\" alt=\"\" srcset=\"https:\/\/econtinence.app\/wp-content\/uploads\/2022\/10\/emma_c.png 346w, https:\/\/econtinence.app\/wp-content\/uploads\/2022\/10\/emma_c-300x300.png 300w, https:\/\/econtinence.app\/wp-content\/uploads\/2022\/10\/emma_c-150x150.png 150w\" sizes=\"(max-width: 346px) 100vw, 346px\" \/><\/figure><div class=\"elementor-image-box-content\"><h3 class=\"elementor-image-box-title\">Emma Nystr\u00f6m<\/h3><p class=\"elementor-image-box-description\">Promovierte \u00c4rztin und Assistenz\u00e4rztin f\u00fcr Allgemeinmedizin<\/p><\/div><\/div>\t\t\t\t<\/div>\n\t\t\t\t<\/div>\n\t\t\t\t\t<\/div>\n\t\t<\/div>\n\t\t\t\t<div class=\"elementor-column elementor-col-20 elementor-inner-column elementor-element elementor-element-768df976\" data-id=\"768df976\" data-element_type=\"column\" data-e-type=\"column\">\n\t\t\t<div class=\"elementor-widget-wrap elementor-element-populated\">\n\t\t\t\t\t\t<div class=\"elementor-element elementor-element-307c854b elementor-position-top elementor-widget elementor-widget-image-box\" data-id=\"307c854b\" data-element_type=\"widget\" data-e-type=\"widget\" data-widget_type=\"image-box.default\">\n\t\t\t\t<div class=\"elementor-widget-container\">\n\t\t\t\t\t<div class=\"elementor-image-box-wrapper\"><figure class=\"elementor-image-box-img\"><img decoding=\"async\" width=\"347\" height=\"346\" src=\"https:\/\/econtinence.app\/wp-content\/uploads\/2022\/10\/ina_c.png\" class=\"attachment-full size-full wp-image-1630\" alt=\"\" srcset=\"https:\/\/econtinence.app\/wp-content\/uploads\/2022\/10\/ina_c.png 347w, https:\/\/econtinence.app\/wp-content\/uploads\/2022\/10\/ina_c-300x300.png 300w, https:\/\/econtinence.app\/wp-content\/uploads\/2022\/10\/ina_c-150x150.png 150w\" sizes=\"(max-width: 347px) 100vw, 347px\" \/><\/figure><div class=\"elementor-image-box-content\"><h3 class=\"elementor-image-box-title\">Ina Asklund<\/h3><p class=\"elementor-image-box-description\">Promovierte \u00c4rztin und Fach\u00e4rztin f\u00fcr Allgemeinmedizin<\/p><\/div><\/div>\t\t\t\t<\/div>\n\t\t\t\t<\/div>\n\t\t\t\t\t<\/div>\n\t\t<\/div>\n\t\t\t\t<div class=\"elementor-column elementor-col-20 elementor-inner-column elementor-element elementor-element-7f7f7b6f\" data-id=\"7f7f7b6f\" data-element_type=\"column\" data-e-type=\"column\">\n\t\t\t<div class=\"elementor-widget-wrap elementor-element-populated\">\n\t\t\t\t\t\t<div class=\"elementor-element elementor-element-1be7857e elementor-position-top elementor-widget elementor-widget-image-box\" data-id=\"1be7857e\" data-element_type=\"widget\" data-e-type=\"widget\" data-widget_type=\"image-box.default\">\n\t\t\t\t<div class=\"elementor-widget-container\">\n\t\t\t\t\t<div class=\"elementor-image-box-wrapper\"><figure class=\"elementor-image-box-img\"><img loading=\"lazy\" decoding=\"async\" width=\"346\" height=\"346\" src=\"https:\/\/econtinence.app\/wp-content\/uploads\/2022\/10\/malin_c.png\" class=\"attachment-full size-full wp-image-1633\" alt=\"\" srcset=\"https:\/\/econtinence.app\/wp-content\/uploads\/2022\/10\/malin_c.png 346w, https:\/\/econtinence.app\/wp-content\/uploads\/2022\/10\/malin_c-300x300.png 300w, https:\/\/econtinence.app\/wp-content\/uploads\/2022\/10\/malin_c-150x150.png 150w\" sizes=\"(max-width: 346px) 100vw, 346px\" \/><\/figure><div class=\"elementor-image-box-content\"><h3 class=\"elementor-image-box-title\">Malin Sj\u00f6str\u00f6m<\/h3><p class=\"elementor-image-box-description\">Dozentin und Fach\u00e4rztin f\u00fcr Allgemeinmedizin<\/p><\/div><\/div>\t\t\t\t<\/div>\n\t\t\t\t<\/div>\n\t\t\t\t\t<\/div>\n\t\t<\/div>\n\t\t\t\t<div class=\"elementor-column elementor-col-20 elementor-inner-column elementor-element elementor-element-2806e68a\" data-id=\"2806e68a\" data-element_type=\"column\" data-e-type=\"column\">\n\t\t\t<div class=\"elementor-widget-wrap elementor-element-populated\">\n\t\t\t\t\t\t<div class=\"elementor-element elementor-element-56639508 elementor-position-top elementor-widget elementor-widget-image-box\" data-id=\"56639508\" data-element_type=\"widget\" data-e-type=\"widget\" data-widget_type=\"image-box.default\">\n\t\t\t\t<div class=\"elementor-widget-container\">\n\t\t\t\t\t<div class=\"elementor-image-box-wrapper\"><figure class=\"elementor-image-box-img\"><img loading=\"lazy\" decoding=\"async\" width=\"346\" height=\"346\" src=\"https:\/\/econtinence.app\/wp-content\/uploads\/2022\/10\/fredrik_c.png\" class=\"attachment-full size-full wp-image-1627\" alt=\"\" srcset=\"https:\/\/econtinence.app\/wp-content\/uploads\/2022\/10\/fredrik_c.png 346w, https:\/\/econtinence.app\/wp-content\/uploads\/2022\/10\/fredrik_c-300x300.png 300w, https:\/\/econtinence.app\/wp-content\/uploads\/2022\/10\/fredrik_c-150x150.png 150w\" sizes=\"(max-width: 346px) 100vw, 346px\" \/><\/figure><div class=\"elementor-image-box-content\"><h3 class=\"elementor-image-box-title\">Fredrik Jonsson<\/h3><p class=\"elementor-image-box-description\">Leiter f\u00fcr Vertrieb und Gesch\u00e4ftsentwicklung\/QA<\/p><\/div><\/div>\t\t\t\t<\/div>\n\t\t\t\t<\/div>\n\t\t\t\t\t<\/div>\n\t\t<\/div>\n\t\t\t\t\t<\/div>\n\t\t<\/section>\n\t\t\t\t<\/div>\n\t\t\n\n<div class=\"wp-block-columns is-layout-flex wp-container-core-columns-is-layout-28f84493 wp-block-columns-is-layout-flex\">\n<div class=\"wp-block-column is-layout-flow wp-block-column-is-layout-flow\">\n<h2 class=\"wp-block-heading\"><strong>Wichtige Meilensteine<\/strong><\/h2>\n\n\n\n<p>2024<\/p>\n\n\n\n<ul class=\"wp-block-list\">\n<li>Wir ver\u00f6ffentlichen eine v\u00f6llig neue Version von T\u00e4t\u00ae auf einer neuen technischen Plattform, mit neuem Design, einfacher Navigation und mehreren Funktionen.<\/li>\n\n\n\n<li>Wir starten eine Zusammenarbeit mit dem Bundesverband gegen Prostatakrebs bez\u00fcglich der App T\u00e4t f\u00fcr M\u00e4nner.<\/li>\n<\/ul>\n\n\n\n<p><em>2023<\/em><\/p>\n\n\n\n<ul class=\"wp-block-list\">\n<li>Die App T\u00e4t\u00ae wird in einer neuen Version mit neuer Startseite und neuen Funktionen ver\u00f6ffentlicht. Die App wird von vielen Frauen w\u00e4hrend der Schwangerschaft und nach der Geburt verwendet, und es gibt wissenschaftliche Unterst\u00fctzung daf\u00fcr.<\/li>\n<\/ul>\n\n\n\n<p><em>2022<\/em><\/p>\n\n\n\n<ul class=\"wp-block-list\">\n<li>Das Team erh\u00e4lt den Preis als &#8222;Innovation Champions des Jahres&#8220; bei der Guldgalan, Region J\u00e4mtland H\u00e4rjedalen.<\/li>\n\n\n\n<li>Die App T\u00e4t\u00ae wird noch besser, mit neuen Inhalten und Funktionen. Sie wird in einer kostenlosen Version und einer Premium-Version ver\u00f6ffentlicht. Entwickelt zur Behandlung von Belastungsinkontinenz.<\/li>\n\n\n\n<li>Bewilligte Unterst\u00fctzung durch Vinnova (MedTech4Health, Kompetenzverst\u00e4rkung in kleinen Unternehmen).<\/li>\n\n\n\n<li>Regionales Innovationsf\u00f6rderprogramm der Region JH.<\/li>\n\n\n\n<li>Innovationspreis der Universit\u00e4t Ume\u00e5\/Nordea f\u00fcr die Verwertung von Forschung an Eva Samuelsson.<\/li>\n<\/ul>\n\n\n\n<p><em>2021<\/em><\/p>\n\n\n\n<ul class=\"wp-block-list\">\n<li>Ume\u00e5 University Holding investiert in eContinence AB.<\/li>\n\n\n\n<li>Der Sigrid Strand-Preis f\u00fcr weibliche Erfinder an Eva Samuelsson.<\/li>\n\n\n\n<li>Das Unternehmen wird in den Inkubator Uminova Innovation in Ume\u00e5 aufgenommen.<\/li>\n\n\n\n<li>eContinence AB, \u00d6stersund, wird im Juli 2021 registriert.<\/li>\n\n\n\n<li>Die App T\u00e4t\u00ae wird als Medizinprodukt der Klasse I gem\u00e4\u00df MDR 2017\/745 CE-gekennzeichnet.<\/li>\n\n\n\n<li>Die App T\u00e4t\u00ae wird von SKR (die Gemeinde und Regionen Schwedens) gepr\u00fcft und empfohlen.<\/li>\n<\/ul>\n\n\n\n<p><em>2021<\/em><\/p>\n\n\n\n<ul class=\"wp-block-list\">\n<li>Das Projekt nimmt an dem Verifizierungsprogramm teil, das die Universit\u00e4t Ume\u00e5 Forschern durch ihr Innovationsb\u00fcro anbietet, mit laufender Unterst\u00fctzung durch Innovationsberater und Business-Coaches.<\/li>\n<\/ul>\n\n\n\n<p><em>2020<\/em><\/p>\n\n\n\n<ul class=\"wp-block-list\">\n<li>Die App T\u00e4t wird von Nikola (Netzwerk f\u00fcr Blasen- und Darmdysfunktion) empfohlen.<\/li>\n\n\n\n<li>Die App T\u00e4t wird von Gesundheitszentren, Hebammenstationen und Kliniken in ganz Schweden empfohlen.<\/li>\n<\/ul>\n\n\n\n<p><em>2022<\/em><\/p>\n\n\n\n<ul class=\"wp-block-list\">\n<li>Drei Doktorarbeiten und 21 wissenschaftliche Artikel werden im Rahmen des Forschungsprojekts ver\u00f6ffentlicht, finanziert durch nationale, regionale und lokale Forschungsgelder, siehe www.t\u00e4t.nu. Ein Internetprogramm und drei Apps werden im Rahmen des Projekts entwickelt und evaluiert.<\/li>\n<\/ul>\n\n\n\n<p><em>2015<\/em><\/p>\n\n\n\n<ul class=\"wp-block-list\">\n<li>Die Marke T\u00e4t wird registriert.<\/li>\n<\/ul>\n\n\n\n<p><em>2008<\/em><\/p>\n\n\n\n<ul class=\"wp-block-list\">\n<li>Das Forschungsprojekt T\u00e4t.nu an der Universit\u00e4t Ume\u00e5 wird von Eva Samuelsson und G\u00f6ran Umefjord gestartet. Ziel ist es, E-Health f\u00fcr die Behandlung von Harninkontinenz zu entwickeln, zu evaluieren und zu implementieren.<\/li>\n<\/ul>\n<\/div>\n<\/div>\n\n<p class=\"has-text-align-center\"><strong>Mit Finanzierung durch:<\/strong><\/p>\n\n<figure class=\"wp-block-image aligncenter size-large\"><img loading=\"lazy\" decoding=\"async\" width=\"1024\" height=\"114\" src=\"https:\/\/econtinence.app\/wp-content\/uploads\/2022\/06\/logobar_b-1024x114.png\" alt=\"\" class=\"wp-image-895\" srcset=\"https:\/\/econtinence.app\/wp-content\/uploads\/2022\/06\/logobar_b-1024x114.png 1024w, https:\/\/econtinence.app\/wp-content\/uploads\/2022\/06\/logobar_b-300x33.png 300w, https:\/\/econtinence.app\/wp-content\/uploads\/2022\/06\/logobar_b-768x86.png 768w, https:\/\/econtinence.app\/wp-content\/uploads\/2022\/06\/logobar_b-1536x171.png 1536w, https:\/\/econtinence.app\/wp-content\/uploads\/2022\/06\/logobar_b.png 1616w\" sizes=\"(max-width: 1024px) 100vw, 1024px\" \/><\/figure>\n","protected":false},"excerpt":{"rendered":"<p>eContinence:Das Unternehmen hinter der App T\u00e4t\u00ae Millionen von Menschen weltweit schr\u00e4nken ihr Leben aufgrund von Harninkontinenz ein. Unser Antrieb ist es, eine einfache und effektive Behandlung f\u00fcr alle Menschen zug\u00e4nglich zu machen, unabh\u00e4ngig davon, wo diese leben. Das Medtech-Unternehmen eContinence AB, gegr\u00fcndet 2021, wurde von einem Team aus \u00c4rzten und Forschern ins Leben gerufen, die [&hellip;]<\/p>\n","protected":false},"author":1,"featured_media":0,"parent":0,"menu_order":0,"comment_status":"closed","ping_status":"closed","template":"","meta":{"_seopress_robots_primary_cat":"","_seopress_titles_title":"","_seopress_titles_desc":"","_seopress_robots_index":"","footnotes":""},"class_list":["post-2136","page","type-page","status-publish","hentry"],"_links":{"self":[{"href":"https:\/\/econtinence.app\/de\/wp-json\/wp\/v2\/pages\/2136","targetHints":{"allow":["GET"]}}],"collection":[{"href":"https:\/\/econtinence.app\/de\/wp-json\/wp\/v2\/pages"}],"about":[{"href":"https:\/\/econtinence.app\/de\/wp-json\/wp\/v2\/types\/page"}],"author":[{"embeddable":true,"href":"https:\/\/econtinence.app\/de\/wp-json\/wp\/v2\/users\/1"}],"replies":[{"embeddable":true,"href":"https:\/\/econtinence.app\/de\/wp-json\/wp\/v2\/comments?post=2136"}],"version-history":[{"count":3,"href":"https:\/\/econtinence.app\/de\/wp-json\/wp\/v2\/pages\/2136\/revisions"}],"predecessor-version":[{"id":2159,"href":"https:\/\/econtinence.app\/de\/wp-json\/wp\/v2\/pages\/2136\/revisions\/2159"}],"wp:attachment":[{"href":"https:\/\/econtinence.app\/de\/wp-json\/wp\/v2\/media?parent=2136"}],"curies":[{"name":"wp","href":"https:\/\/api.w.org\/{rel}","templated":true}]}}