{"id":2123,"date":"2022-06-08T09:41:10","date_gmt":"2022-06-08T07:41:10","guid":{"rendered":"https:\/\/econtinence.app\/taet\/forschung\/"},"modified":"2024-06-05T00:00:50","modified_gmt":"2024-06-04T22:00:50","slug":"forschung","status":"publish","type":"page","link":"https:\/\/econtinence.app\/de\/taet\/forschung\/","title":{"rendered":"Forschung"},"content":{"rendered":"\n<h2 class=\"wp-block-heading\">Das Forschungsprojekt T\u00e4t.nu<\/h2>\n\n<p>Die App T\u00e4t\u00ae wurde im Rahmen des Forschungsprojekts <a href=\"https:\/\/t&#xE4;t.nu\/\" target=\"_blank\" rel=\"noreferrer noopener\">T\u00e4t.nu<\/a> an der Universit\u00e4t Ume\u00e5 entwickelt und evaluiert. Die Entwicklung der App begann bereits im Jahr 2010 in Zusammenarbeit mit ITS an der Universit\u00e4t Ume\u00e5 in Schweden. Einige der Forscher hatten damals schon mehrere Jahre Erfahrung mit einem Internetprogramm, das zur Behandlung von Inkontinenz beim Husten, Springen und Anstrengung entwickelt wurde. eHealth war damals noch relativ neu. Seitdem hat sich viel ver\u00e4ndert: Die Anzahl der Gesundheits-Apps ist explosionsartig gewachsen, doch wurden nur sehr wenige davon in klinischen Studien evaluiert.<\/p>\n\n<div class=\"wp-block-columns is-layout-flex wp-container-core-columns-is-layout-28f84493 wp-block-columns-is-layout-flex\">\n<div class=\"wp-block-column is-layout-flow wp-block-column-is-layout-flow\">\n<p>Die App T\u00e4t ist eine medizinische App, und die CE-Kennzeichnung bedeutet, dass die App einen nachgewiesenen klinischen Nutzen hat und alle Anforderungen an Sicherheit und Leistung gem\u00e4\u00df den Vorschriften erf\u00fcllt.<\/p>\n\n\n\n<p>Die App wurde in mehreren wissenschaftlichen Studien, in zwei verschiedenen Doktorarbeiten sowie in internationalen Reviews evaluiert. Frauen, die die App drei Monate lang nutzten, hatten im Vergleich zu einer Kontrollgruppe, die die App nicht nutzte, weniger Inkontinenz und eine h\u00f6here Lebensqualit\u00e4t, und die Verbesserung hielt langfristig an. Die App wurde auch in einer gesundheits\u00f6konomischen Studie und in einer Interviewstudie evaluiert. Mehr \u00fcber die Forschung hinter der App k\u00f6nnen Sie <a href=\"https:\/\/t&#xE4;t.nu\/\" target=\"_blank\" rel=\"noreferrer noopener\">hier<\/a> erfahren..\u00a0<\/p>\n\n\n\n<p>Im Forschungsprojekt sind mehrere Forscher t\u00e4tig; Malin Sj\u00f6str\u00f6m, Emma Nystr\u00f6m und Ina Asklund haben alle im Rahmen des Projekts promoviert. Eva Samuelsson ist seit Beginn 2008 Forschungsleiterin. Diese vier haben das Unternehmen eContinence gegr\u00fcndet. Towe Wadensten ist Doktorandin im Projekt und plant ihre Promotion f\u00fcr 2023.<\/p>\n\n\n\n<p>Die Forschung zur App T\u00e4t\u00ae ist nun abgeschlossen, aber es wird weiterhin Forschung zu eHealth und anderen Apps im Projekt betrieben, <a href=\"https:\/\/t&#xE4;t.nu\/\" target=\"_blank\" rel=\"noreferrer noopener\">lesen Sie dazu hier noch mehr<\/a>..\u00a0<\/p>\n\n\n\n<p>Wenn Sie mehr \u00fcber die Forschung, die den verschiedenen Teilen der App T\u00e4t zugrunde liegt, erfahren m\u00f6chten, k\u00f6nnen Sie mehr \u00fcber die Evidenz f\u00fcr <a href=\"https:\/\/econtinence.app\/tat\/forskning\/om-tat\/\" data-type=\"page\" data-id=\"508\">die Wirkung der App T\u00e4t <\/a><a href=\"https:\/\/t&#xE4;t.nu\/\" target=\"_blank\" rel=\"noreferrer noopener\">hier<\/a>, \u00fcber die Evidenz f\u00fcr <a href=\"https:\/\/econtinence.app\/tat\/forskning\/kniptraning\/\" data-type=\"page\" data-id=\"506\">die Wirkung des Beckenbodentrainings <\/a><a href=\"https:\/\/t&#xE4;t.nu\/\" target=\"_blank\" rel=\"noreferrer noopener\">hier<\/a> und \u00fcber <a href=\"https:\/\/econtinence.app\/tat\/forskning\/levnadsvanor\/\" data-type=\"page\" data-id=\"510\">die Bedeutung von Lebensgewohnheiten <\/a><a href=\"https:\/\/t&#xE4;t.nu\/\" target=\"_blank\" rel=\"noreferrer noopener\">hier<\/a> erfahren..<\/p>\n<\/div>\n<\/div>\n","protected":false},"excerpt":{"rendered":"<p>Das Forschungsprojekt T\u00e4t.nu Die App T\u00e4t\u00ae wurde im Rahmen des Forschungsprojekts T\u00e4t.nu an der Universit\u00e4t Ume\u00e5 entwickelt und evaluiert. Die Entwicklung der App begann bereits im Jahr 2010 in Zusammenarbeit mit ITS an der Universit\u00e4t Ume\u00e5 in Schweden. Einige der Forscher hatten damals schon mehrere Jahre Erfahrung mit einem Internetprogramm, das zur Behandlung von Inkontinenz [&hellip;]<\/p>\n","protected":false},"author":1,"featured_media":0,"parent":2120,"menu_order":0,"comment_status":"closed","ping_status":"closed","template":"","meta":{"_seopress_robots_primary_cat":"","_seopress_titles_title":"","_seopress_titles_desc":"","_seopress_robots_index":"","footnotes":""},"class_list":["post-2123","page","type-page","status-publish","hentry"],"_links":{"self":[{"href":"https:\/\/econtinence.app\/de\/wp-json\/wp\/v2\/pages\/2123","targetHints":{"allow":["GET"]}}],"collection":[{"href":"https:\/\/econtinence.app\/de\/wp-json\/wp\/v2\/pages"}],"about":[{"href":"https:\/\/econtinence.app\/de\/wp-json\/wp\/v2\/types\/page"}],"author":[{"embeddable":true,"href":"https:\/\/econtinence.app\/de\/wp-json\/wp\/v2\/users\/1"}],"replies":[{"embeddable":true,"href":"https:\/\/econtinence.app\/de\/wp-json\/wp\/v2\/comments?post=2123"}],"version-history":[{"count":3,"href":"https:\/\/econtinence.app\/de\/wp-json\/wp\/v2\/pages\/2123\/revisions"}],"predecessor-version":[{"id":2155,"href":"https:\/\/econtinence.app\/de\/wp-json\/wp\/v2\/pages\/2123\/revisions\/2155"}],"up":[{"embeddable":true,"href":"https:\/\/econtinence.app\/de\/wp-json\/wp\/v2\/pages\/2120"}],"wp:attachment":[{"href":"https:\/\/econtinence.app\/de\/wp-json\/wp\/v2\/media?parent=2123"}],"curies":[{"name":"wp","href":"https:\/\/api.w.org\/{rel}","templated":true}]}}